{"id":454,"date":"2024-05-30T10:10:52","date_gmt":"2024-05-30T10:10:52","guid":{"rendered":"https:\/\/javaco.be\/conditions-generales\/"},"modified":"2024-09-02T16:45:43","modified_gmt":"2024-09-02T16:45:43","slug":"conditions-generales","status":"publish","type":"page","link":"https:\/\/javaco.be\/fr\/conditions-generales\/","title":{"rendered":"Conditions g\u00e9n\u00e9rales"},"content":{"rendered":"<p>[et_pb_section fb_built=\u00a0\u00bb1&Prime; theme_builder_area=\u00a0\u00bbpost_content\u00a0\u00bb _builder_version=\u00a0\u00bb4.25.1&Prime; _module_preset=\u00a0\u00bbdefault\u00a0\u00bb][et_pb_row _builder_version=\u00a0\u00bb4.25.1&Prime; _module_preset=\u00a0\u00bbdefault\u00a0\u00bb theme_builder_area=\u00a0\u00bbpost_content\u00a0\u00bb][et_pb_column _builder_version=\u00a0\u00bb4.25.1&Prime; _module_preset=\u00a0\u00bbdefault\u00a0\u00bb type=\u00a0\u00bb4_4&Prime; theme_builder_area=\u00a0\u00bbpost_content\u00a0\u00bb][et_pb_text _builder_version=\u00a0\u00bb4.25.1&Prime; _module_preset=\u00a0\u00bbdefault\u00a0\u00bb theme_builder_area=\u00a0\u00bbpost_content\u00a0\u00bb hover_enabled=\u00a0\u00bb0&Prime; sticky_enabled=\u00a0\u00bb0&Prime;]<\/p>\n<h1>Conditions g\u00e9n\u00e9rales<\/h1>\n<div>\n<p><strong>Article 1. Confirmation de commande<\/strong><\/p>\n<p>1.1 Seule la confirmation de commande sign\u00e9e par le vendeur engage ce dernier. L&rsquo;ex\u00e9cution est soumise aux conditions g\u00e9n\u00e9rales de vente figurant sur le bon de commande et\/ou les factures, \u00e0 l&rsquo;exclusion des conditions propres au client, m\u00eame si elles sont communiqu\u00e9es ult\u00e9rieurement. Le contrat de vente n&rsquo;est conclu qu&rsquo;apr\u00e8s confirmation \u00e9crite du vendeur. Le d\u00e9but de l&rsquo;ex\u00e9cution constitue une confirmation, \u00e0 moins qu&rsquo;elle ne soit faite avec des r\u00e9serves. Les commandes prises par un repr\u00e9sentant, un mandataire ou un employ\u00e9 du vendeur ne sont valables qu&rsquo;apr\u00e8s confirmation \u00e9crite par une personne autoris\u00e9e qui peut engager la soci\u00e9t\u00e9 \u00e0 cet \u00e9gard.<\/p>\n<p>1.2 Toute annulation de la commande doit \u00eatre faite par \u00e9crit, par lettre recommand\u00e9e. Elle n&rsquo;est valable qu&rsquo;avec l&rsquo;acceptation \u00e9crite du vendeur. En cas d&rsquo;annulation, le client est redevable d&rsquo;une indemnit\u00e9 forfaitaire de 10 % du prix de la commande. Cette redevance couvre les co\u00fbts fixes et variables et l&rsquo;\u00e9ventuelle perte de profit.<\/p>\n<p><strong>Art. 2 Description des marchandises \u00e0 livrer<\/strong><\/p>\n<p>Les marchandises sont livr\u00e9es conform\u00e9ment au bon de commande, au contrat d&rsquo;achat ou au recto de la facture.<\/p>\n<p><strong>Art. 3 Prix<\/strong><\/p>\n<p>3.1 Le prix est celui indiqu\u00e9 dans le contrat de vente, le bon de commande, le cahier des charges ou la facture, \u00e0 moins que le vendeur ne soit contraint de l&rsquo;adapter \u00e0 l&rsquo;\u00e9volution de ses co\u00fbts fixes et variables \u00e0 la suite de changements dans la structure des biens \u00e0 livrer, le mode de livraison, le mode de paiement de ceux-ci. Toute r\u00e9vision de prix sera effectu\u00e9e conform\u00e9ment aux normes l\u00e9gales en vigueur. Dans ce cas, c&rsquo;est le nouveau prix indiqu\u00e9 au recto de la facture qui s&rsquo;applique.<\/p>\n<p>3.2 Le prix s&rsquo;entend hors TVA.<\/p>\n<p>3.3 Le prix s&rsquo;entend hors frais de livraison, de transport et d&rsquo;assurance, sauf accord contraire.<\/p>\n<p><strong>Art. 4 D\u00e9lais de livraison<\/strong><\/p>\n<p>4.1 Les marchandises seront livr\u00e9es dans le d\u00e9lai indiqu\u00e9 sur le bon de commande, en tenant compte de la tol\u00e9rance habituelle inh\u00e9rente \u00e0 la nature de l&rsquo;industrie ou du commerce. Les d\u00e9lais de livraison peuvent \u00eatre affect\u00e9s par le fait de tiers (fournisseurs ou sous-traitants) et par des cas fortuits ou de force majeure &#8211; tels que l&rsquo;impossibilit\u00e9 d&rsquo;ex\u00e9cution par suite de gr\u00e8ve g\u00e9n\u00e9rale ou partielle ou de lock-out, soit dans nos installations, soit dans celles de nos fournisseurs, \u00e9meutes, accidents, bris de machines, manque de moyens de transport ou de mat\u00e9riaux, \u00e9pid\u00e9mies, incendies, etc. Si l&rsquo;acheteur doit r\u00e9cup\u00e9rer les marchandises et qu&rsquo;il est en retard, des frais de stockage peuvent \u00eatre factur\u00e9s. En attendant, c&rsquo;est l&rsquo;acheteur qui supporte le risque.<\/p>\n<p>4.2 Les retards de livraison ne peuvent, sauf stipulation contraire, donner lieu \u00e0 un refus ou \u00e0 une indemnisation.<\/p>\n<p>4.3 Les d\u00e9lais pr\u00e9vus lors de la commande commencent \u00e0 courir le jour ouvrable suivant l&rsquo;\u00e9mission du bon de commande sign\u00e9.<\/p>\n<p><strong>Art. 5 Plaintes<\/strong><\/p>\n<p>5.1 Pour \u00eatre valable, toute r\u00e9clamation doit \u00eatre faite par lettre recommand\u00e9e et dans les huit jours suivant la livraison.<\/p>\n<p>5.2 Si le client ne prend pas livraison, le d\u00e9lai de huit jours commence \u00e0 courir \u00e0 compter de la r\u00e9ception du bordereau d&rsquo;exp\u00e9dition ou de tout autre document \u00e9quivalent. \u00e0 d\u00e9faut \u00e0 compter de la r\u00e9ception de la facture.<\/p>\n<p>5.3 Si aucune r\u00e9clamation n&rsquo;a \u00e9t\u00e9 re\u00e7ue dans ce d\u00e9lai de huit jours, cela signifie que le client a accept\u00e9 les articles livr\u00e9s dans leur int\u00e9gralit\u00e9.<\/p>\n<p>5.4 En cas de livraison non conforme en raison d&rsquo;erreurs, de mauvaises finitions, etc., Javaco BVBA n&rsquo;est jamais responsable au-del\u00e0 de la restitution ou de la restitution partielle du prix de la partie non conforme de l&rsquo;achat. Javaco BVBA d\u00e9cline toute autre responsabilit\u00e9.<\/p>\n<p>5.5 Les d\u00e9fauts des mat\u00e9riaux qui ont \u00e9t\u00e9 cach\u00e9s \u00e0 Javaco BVBA ne pourront pas mettre en cause sa responsabilit\u00e9 et ne donneront pas lieu \u00e0 une demande de dommages-int\u00e9r\u00eats.<\/p>\n<p><strong>Art. 6 Transfert de propri\u00e9t\u00e9<\/strong><\/p>\n<p>6.1 Les marchandises livr\u00e9es restent la propri\u00e9t\u00e9 du vendeur jusqu&rsquo;au paiement int\u00e9gral du capital, des frais et des int\u00e9r\u00eats.<\/p>\n<p>6.2 La livraison est effectu\u00e9e aux risques et aux frais de l&rsquo;acheteur, qui doit s&rsquo;assurer contre d&rsquo;\u00e9ventuelles r\u00e9clamations.<\/p>\n<p>6.3 L&rsquo;acheteur doit informer le vendeur si les marchandises sont plac\u00e9es dans un espace lou\u00e9 par l&rsquo;acheteur et, le cas \u00e9ch\u00e9ant, communiquer l&rsquo;identit\u00e9 et le domicile du bailleur.<\/p>\n<p><strong>Art. 7 Paiement<\/strong><\/p>\n<p>7.1 Sauf convention contraire, le prix est payable au plus tard \u00e0 la livraison. La facture est payable \u00e0 la date d&rsquo;\u00e9ch\u00e9ance convenue, sauf si aucune date d&rsquo;\u00e9ch\u00e9ance n&rsquo;a \u00e9t\u00e9 convenue, auquel cas la facture est payable au plus tard \u00e0 la date de livraison.<\/p>\n<p>7.2 Toute facture impay\u00e9e porte de plein droit et sans mise en demeure un int\u00e9r\u00eat de 12 % par an. Si la facture reste impay\u00e9e pendant huit jours apr\u00e8s l&rsquo;envoi recommand\u00e9 d&rsquo;un rappel, la dette sera major\u00e9e de 10 % du montant de la facture, avec un minimum de 75,00 euros. Il s&rsquo;agit de dommages-int\u00e9r\u00eats forfaitaires pour les d\u00e9penses autres que la perte d&rsquo;int\u00e9r\u00eats et les frais de justice r\u00e9els.<\/p>\n<p>7.3 Le non-paiement \u00e0 l&rsquo;\u00e9ch\u00e9ance d&rsquo;une seule facture rend de plein droit imm\u00e9diatement exigible le solde d\u00fb de toutes les autres factures, m\u00eame non \u00e9chues.<\/p>\n<p>7.4 Sans pr\u00e9judice des dispositions de l&rsquo;article 5.1, en cas de litige, la facture doit \u00eatre contest\u00e9e dans les 8 jours suivant sa r\u00e9ception.<\/p>\n<p><strong>Art. 8 Garanties<\/strong><\/p>\n<p>Si la confiance du vendeur dans la solvabilit\u00e9 de l&rsquo;acheteur est \u00e9branl\u00e9e par des actes d&rsquo;ex\u00e9cution judiciaire \u00e0 l&rsquo;encontre de l&rsquo;acheteur et\/ou d&rsquo;autres \u00e9v\u00e9nements d\u00e9montrables qui remettent en question et\/ou rendent impossible la confiance dans la bonne ex\u00e9cution des engagements pris par l&rsquo;acheteur, le vendeur se r\u00e9serve le droit d&rsquo;exiger des garanties appropri\u00e9es de la part de l&rsquo;acheteur. En cas de refus de l&rsquo;acheteur, le vendeur se r\u00e9serve le droit d&rsquo;annuler tout ou partie de la commande, m\u00eame si les marchandises ont d\u00e9j\u00e0 \u00e9t\u00e9 exp\u00e9di\u00e9es en tout ou en partie. Dans ce cas, le montant vis\u00e9 \u00e0 l&rsquo;article 1.2 est d\u00fb \u00e0 titre de compensation.<\/p>\n<p><strong>Art. 9 Droit de gage<\/strong><\/p>\n<p>Il est express\u00e9ment convenu entre les parties que toutes les marchandises de l&rsquo;acheteur qui se trouvent dans les magasins et ateliers du vendeur peuvent \u00eatre retenues par le vendeur \u00e0 titre de garantie suppl\u00e9mentaire pour le paiement du prix d\u00fb.<\/p>\n<p><strong>Art. 10 R\u00e8glement des diff\u00e9rends<\/strong><\/p>\n<p>En cas de litige, les tribunaux du si\u00e8ge social du vendeur sont exclusivement comp\u00e9tents.<\/p><\/div>\n<p>[\/et_pb_text][\/et_pb_column][\/et_pb_row][\/et_pb_section]<\/p>\n","protected":false},"excerpt":{"rendered":"<p>Conditions g\u00e9n\u00e9rales Article 1. Confirmation de commande 1.1 Seule la confirmation de commande sign\u00e9e par le vendeur engage ce dernier. L&rsquo;ex\u00e9cution est soumise aux conditions g\u00e9n\u00e9rales de vente figurant sur le bon de commande et\/ou les factures, \u00e0 l&rsquo;exclusion des conditions propres au client, m\u00eame si elles sont communiqu\u00e9es ult\u00e9rieurement. Le contrat de vente n&rsquo;est [&hellip;]<\/p>\n","protected":false},"author":1,"featured_media":0,"parent":0,"menu_order":0,"comment_status":"closed","ping_status":"closed","template":"","meta":{"_et_pb_use_builder":"on","_et_pb_old_content":"","_et_gb_content_width":"","footnotes":""},"class_list":["post-454","page","type-page","status-publish","hentry"],"yoast_head":"<!-- This site is optimized with the Yoast SEO plugin v27.1.1 - https:\/\/yoast.com\/product\/yoast-seo-wordpress\/ -->\n<title>Conditions g\u00e9n\u00e9rales - JAVACO<\/title>\n<meta name=\"robots\" content=\"noindex, nofollow\" \/>\n<meta property=\"og:locale\" content=\"fr_FR\" \/>\n<meta property=\"og:type\" content=\"article\" \/>\n<meta property=\"og:title\" content=\"Conditions g\u00e9n\u00e9rales - JAVACO\" \/>\n<meta property=\"og:description\" content=\"Conditions g\u00e9n\u00e9rales Article 1. Confirmation de commande 1.1 Seule la confirmation de commande sign\u00e9e par le vendeur engage ce dernier. L&#039;ex\u00e9cution est soumise aux conditions g\u00e9n\u00e9rales de vente figurant sur le bon de commande et\/ou les factures, \u00e0 l&#039;exclusion des conditions propres au client, m\u00eame si elles sont communiqu\u00e9es ult\u00e9rieurement. Le contrat de vente n&#039;est [&hellip;]\" \/>\n<meta property=\"og:url\" content=\"https:\/\/javaco.be\/fr\/conditions-generales\/\" \/>\n<meta property=\"og:site_name\" content=\"JAVACO\" \/>\n<meta property=\"article:modified_time\" content=\"2024-09-02T16:45:43+00:00\" \/>\n<meta name=\"twitter:card\" content=\"summary_large_image\" \/>\n<meta name=\"twitter:label1\" content=\"Dur\u00e9e de lecture estim\u00e9e\" \/>\n\t<meta name=\"twitter:data1\" content=\"5 minutes\" \/>\n<script type=\"application\/ld+json\" class=\"yoast-schema-graph\">{\"@context\":\"https:\/\/schema.org\",\"@graph\":[{\"@type\":\"WebPage\",\"@id\":\"https:\/\/javaco.be\/fr\/conditions-generales\/\",\"url\":\"https:\/\/javaco.be\/fr\/conditions-generales\/\",\"name\":\"Conditions g\u00e9n\u00e9rales - JAVACO\",\"isPartOf\":{\"@id\":\"https:\/\/javaco.be\/fr\/#website\"},\"datePublished\":\"2024-05-30T10:10:52+00:00\",\"dateModified\":\"2024-09-02T16:45:43+00:00\",\"breadcrumb\":{\"@id\":\"https:\/\/javaco.be\/fr\/conditions-generales\/#breadcrumb\"},\"inLanguage\":\"fr-FR\",\"potentialAction\":[{\"@type\":\"ReadAction\",\"target\":[\"https:\/\/javaco.be\/fr\/conditions-generales\/\"]}]},{\"@type\":\"BreadcrumbList\",\"@id\":\"https:\/\/javaco.be\/fr\/conditions-generales\/#breadcrumb\",\"itemListElement\":[{\"@type\":\"ListItem\",\"position\":1,\"name\":\"Home\",\"item\":\"https:\/\/javaco.be\/fr\/\"},{\"@type\":\"ListItem\",\"position\":2,\"name\":\"Conditions g\u00e9n\u00e9rales\"}]},{\"@type\":\"WebSite\",\"@id\":\"https:\/\/javaco.be\/fr\/#website\",\"url\":\"https:\/\/javaco.be\/fr\/\",\"name\":\"javaco.be\",\"description\":\"Installateur van hoogwaardige auto-accessoires.\",\"publisher\":{\"@id\":\"https:\/\/javaco.be\/fr\/#organization\"},\"potentialAction\":[{\"@type\":\"SearchAction\",\"target\":{\"@type\":\"EntryPoint\",\"urlTemplate\":\"https:\/\/javaco.be\/fr\/?s={search_term_string}\"},\"query-input\":{\"@type\":\"PropertyValueSpecification\",\"valueRequired\":true,\"valueName\":\"search_term_string\"}}],\"inLanguage\":\"fr-FR\"},{\"@type\":\"Organization\",\"@id\":\"https:\/\/javaco.be\/fr\/#organization\",\"name\":\"JAVACO\",\"url\":\"https:\/\/javaco.be\/fr\/\",\"logo\":{\"@type\":\"ImageObject\",\"inLanguage\":\"fr-FR\",\"@id\":\"https:\/\/javaco.be\/fr\/#\/schema\/logo\/image\/\",\"url\":\"https:\/\/javaco.be\/wp-content\/uploads\/2024\/05\/Logo-Javaco-ZWARTE-ACHTERGROND-1.webp\",\"contentUrl\":\"https:\/\/javaco.be\/wp-content\/uploads\/2024\/05\/Logo-Javaco-ZWARTE-ACHTERGROND-1.webp\",\"width\":1197,\"height\":493,\"caption\":\"JAVACO\"},\"image\":{\"@id\":\"https:\/\/javaco.be\/fr\/#\/schema\/logo\/image\/\"}}]}<\/script>\n<!-- \/ Yoast SEO plugin. -->","yoast_head_json":{"title":"Conditions g\u00e9n\u00e9rales - JAVACO","robots":{"index":"noindex","follow":"nofollow"},"og_locale":"fr_FR","og_type":"article","og_title":"Conditions g\u00e9n\u00e9rales - JAVACO","og_description":"Conditions g\u00e9n\u00e9rales Article 1. Confirmation de commande 1.1 Seule la confirmation de commande sign\u00e9e par le vendeur engage ce dernier. L'ex\u00e9cution est soumise aux conditions g\u00e9n\u00e9rales de vente figurant sur le bon de commande et\/ou les factures, \u00e0 l'exclusion des conditions propres au client, m\u00eame si elles sont communiqu\u00e9es ult\u00e9rieurement. Le contrat de vente n'est [&hellip;]","og_url":"https:\/\/javaco.be\/fr\/conditions-generales\/","og_site_name":"JAVACO","article_modified_time":"2024-09-02T16:45:43+00:00","twitter_card":"summary_large_image","twitter_misc":{"Dur\u00e9e de lecture estim\u00e9e":"5 minutes"},"schema":{"@context":"https:\/\/schema.org","@graph":[{"@type":"WebPage","@id":"https:\/\/javaco.be\/fr\/conditions-generales\/","url":"https:\/\/javaco.be\/fr\/conditions-generales\/","name":"Conditions g\u00e9n\u00e9rales - JAVACO","isPartOf":{"@id":"https:\/\/javaco.be\/fr\/#website"},"datePublished":"2024-05-30T10:10:52+00:00","dateModified":"2024-09-02T16:45:43+00:00","breadcrumb":{"@id":"https:\/\/javaco.be\/fr\/conditions-generales\/#breadcrumb"},"inLanguage":"fr-FR","potentialAction":[{"@type":"ReadAction","target":["https:\/\/javaco.be\/fr\/conditions-generales\/"]}]},{"@type":"BreadcrumbList","@id":"https:\/\/javaco.be\/fr\/conditions-generales\/#breadcrumb","itemListElement":[{"@type":"ListItem","position":1,"name":"Home","item":"https:\/\/javaco.be\/fr\/"},{"@type":"ListItem","position":2,"name":"Conditions g\u00e9n\u00e9rales"}]},{"@type":"WebSite","@id":"https:\/\/javaco.be\/fr\/#website","url":"https:\/\/javaco.be\/fr\/","name":"javaco.be","description":"Installateur van hoogwaardige auto-accessoires.","publisher":{"@id":"https:\/\/javaco.be\/fr\/#organization"},"potentialAction":[{"@type":"SearchAction","target":{"@type":"EntryPoint","urlTemplate":"https:\/\/javaco.be\/fr\/?s={search_term_string}"},"query-input":{"@type":"PropertyValueSpecification","valueRequired":true,"valueName":"search_term_string"}}],"inLanguage":"fr-FR"},{"@type":"Organization","@id":"https:\/\/javaco.be\/fr\/#organization","name":"JAVACO","url":"https:\/\/javaco.be\/fr\/","logo":{"@type":"ImageObject","inLanguage":"fr-FR","@id":"https:\/\/javaco.be\/fr\/#\/schema\/logo\/image\/","url":"https:\/\/javaco.be\/wp-content\/uploads\/2024\/05\/Logo-Javaco-ZWARTE-ACHTERGROND-1.webp","contentUrl":"https:\/\/javaco.be\/wp-content\/uploads\/2024\/05\/Logo-Javaco-ZWARTE-ACHTERGROND-1.webp","width":1197,"height":493,"caption":"JAVACO"},"image":{"@id":"https:\/\/javaco.be\/fr\/#\/schema\/logo\/image\/"}}]}},"_links":{"self":[{"href":"https:\/\/javaco.be\/fr\/wp-json\/wp\/v2\/pages\/454","targetHints":{"allow":["GET"]}}],"collection":[{"href":"https:\/\/javaco.be\/fr\/wp-json\/wp\/v2\/pages"}],"about":[{"href":"https:\/\/javaco.be\/fr\/wp-json\/wp\/v2\/types\/page"}],"author":[{"embeddable":true,"href":"https:\/\/javaco.be\/fr\/wp-json\/wp\/v2\/users\/1"}],"replies":[{"embeddable":true,"href":"https:\/\/javaco.be\/fr\/wp-json\/wp\/v2\/comments?post=454"}],"version-history":[{"count":11,"href":"https:\/\/javaco.be\/fr\/wp-json\/wp\/v2\/pages\/454\/revisions"}],"predecessor-version":[{"id":698,"href":"https:\/\/javaco.be\/fr\/wp-json\/wp\/v2\/pages\/454\/revisions\/698"}],"wp:attachment":[{"href":"https:\/\/javaco.be\/fr\/wp-json\/wp\/v2\/media?parent=454"}],"curies":[{"name":"wp","href":"https:\/\/api.w.org\/{rel}","templated":true}]}}