{"id":683,"date":"2024-05-27T07:09:50","date_gmt":"2024-05-27T07:09:50","guid":{"rendered":"https:\/\/javaco.be\/?page_id=683"},"modified":"2024-09-04T06:45:51","modified_gmt":"2024-09-04T06:45:51","slug":"politique-de-confidentialite","status":"publish","type":"page","link":"https:\/\/javaco.be\/fr\/politique-de-confidentialite\/","title":{"rendered":"Politique de confidentialit\u00e9"},"content":{"rendered":"<p>[et_pb_section fb_built=\u00a0\u00bb1&Prime; admin_label=\u00a0\u00bbsection\u00a0\u00bb _builder_version=\u00a0\u00bb4.16&Prime; locked=\u00a0\u00bboff\u00a0\u00bb global_colors_info=\u00a0\u00bb{}\u00a0\u00bb][et_pb_row admin_label=\u00a0\u00bbrow\u00a0\u00bb _builder_version=\u00a0\u00bb4.16&Prime; background_size=\u00a0\u00bbinitial\u00a0\u00bb background_position=\u00a0\u00bbtop_left\u00a0\u00bb background_repeat=\u00a0\u00bbrepeat\u00a0\u00bb global_colors_info=\u00a0\u00bb{}\u00a0\u00bb][et_pb_column type=\u00a0\u00bb4_4&Prime; _builder_version=\u00a0\u00bb4.16&Prime; custom_padding=\u00a0\u00bb|||\u00a0\u00bb global_colors_info=\u00a0\u00bb{}\u00a0\u00bb custom_padding__hover=\u00a0\u00bb|||\u00a0\u00bb][et_pb_text admin_label=\u00a0\u00bbText\u00a0\u00bb _builder_version=\u00a0\u00bb4.27.0&Prime; background_size=\u00a0\u00bbinitial\u00a0\u00bb background_position=\u00a0\u00bbtop_left\u00a0\u00bb background_repeat=\u00a0\u00bbrepeat\u00a0\u00bb hover_enabled=\u00a0\u00bb0&Prime; global_colors_info=\u00a0\u00bb{}\u00a0\u00bb sticky_enabled=\u00a0\u00bb0&Prime;]<\/p>\n<h1>Politique de confidentialit\u00e9 de Javaco<\/h1>\n<p>Javaco collecte certaines Donn\u00e9es personnelles de ses Utilisateurs.<\/p>\n<h2 class=\"wp-block-heading\">Qui sommes-nous ?<\/h2>\n<p><strong>Propri\u00e9taire et responsable du traitement<\/strong><br \/>Javaco BV<br \/>Adresse du si\u00e8ge social : Herenthoutsesteenweg 17, 2560 Nijlen<br \/>BE0760.456.442<br \/>Adresse \u00e9lectronique de contact : info@javaco.be<\/p>\n<p><strong>Types de Donn\u00e9es collect\u00e9es<\/strong><\/p>\n<p>Figurent parmi les types de Donn\u00e9es personnelles que Javaco collecte directement ou en recourant \u00e0 des tiers : informations sur l&rsquo;appareil; Traqueur; Donn\u00e9es d&rsquo;utilisation.<\/p>\n<p>Les d\u00e9tails complets sur chaque type de Donn\u00e9es personnelles collect\u00e9es sont fournis dans les parties consacr\u00e9es \u00e0 la pr\u00e9sente politique de confidentialit\u00e9 ou par des textes d\u2019explication sp\u00e9cifiques publi\u00e9s avant la collecte des Donn\u00e9es.<br \/>Les Donn\u00e9es personnelles peuvent \u00eatre librement fournies par l\u2019Utilisateur, ou, en cas de Donn\u00e9es d\u2019utilisation, collect\u00e9es automatiquement lorsque vous utilisez Javaco.<br \/>Sauf indication contraire, toutes les Donn\u00e9es demand\u00e9es par Javaco sont obligatoires et leur absence peut rendre impossible la fourniture des Services par Javaco. Dans le cas o\u00f9 Javaco pr\u00e9cise que certaines Donn\u00e9es ne sont pas obligatoires, les Utilisateurs sont libres de ne pas les communiquer sans entra\u00eener de cons\u00e9quences sur la disponibilit\u00e9 ou le fonctionnement du Service.<br \/>Les Utilisateurs qui auraient des doutes sur les Donn\u00e9es personnelles obligatoires sont invit\u00e9s \u00e0 contacter le Propri\u00e9taire.<br \/>Toute utilisation des Cookies \u2013 ou d\u2019autres outils de suivi \u2013 par Javaco ou par les propri\u00e9taires de services tiers utilis\u00e9s par Javaco vise \u00e0 fournir le Service demand\u00e9 par l\u2019Utilisateur, outre les autres finalit\u00e9s d\u00e9crites dans le pr\u00e9sent document et dans la politique en mati\u00e8re de cookies.<\/p>\n<p>Les Utilisateurs sont responsables de toute Donn\u00e9e personnelle de tiers obtenue, publi\u00e9e ou communiqu\u00e9e par l\u2019interm\u00e9diaire de Javaco.<\/p>\n<p><strong>Mode et lieu de traitement des Donn\u00e9es<\/strong><\/p>\n<p><strong><\/strong><span style=\"text-decoration: underline;\">M\u00e9thodes de traitement<\/span><\/p>\n<p>Le Propri\u00e9taire prend les mesures de s\u00e9curit\u00e9 appropri\u00e9es afin d\u2019emp\u00eacher l\u2019acc\u00e8s, la divulgation, la modification ou la destruction non autoris\u00e9s des Donn\u00e9es.<br \/>Le traitement des Donn\u00e9es est effectu\u00e9 \u00e0 l\u2019aide d\u2019ordinateurs ou d\u2019outils informatiques, en suivant les proc\u00e9dures et les modes organisationnels \u00e9troitement li\u00e9s aux finalit\u00e9s indiqu\u00e9es. Outre le Propri\u00e9taire, les Donn\u00e9es peuvent \u00eatre accessibles, dans certains cas, \u00e0 certaines cat\u00e9gories de personnes en charge du fonctionnement de Javaco (administration, ventes, marketing, service juridique, administration du syst\u00e8me) ou \u00e0 des parties externes (telles que les fournisseurs tiers de services techniques, les services de messagerie, les fournisseurs d\u2019h\u00e9bergement, les entreprises informatiques, les agences de communication) d\u00e9sign\u00e9es, le cas \u00e9ch\u00e9ant, comme Sous-traitantes par le Propri\u00e9taire. La liste mise \u00e0 jour de ces parties peut \u00eatre demand\u00e9e \u00e0 tout moment au Propri\u00e9taire.<\/p>\n<p><span style=\"text-decoration: underline;\">Lieu de traitement<\/span><\/p>\n<p>Les Donn\u00e9es sont trait\u00e9es au si\u00e8ge du Propri\u00e9taire et dans tous les autres lieux o\u00f9 sont situ\u00e9es les parties responsables du traitement.<br \/>Selon la localisation de l\u2019Utilisateur, les transferts de donn\u00e9es peuvent entra\u00eener le transfert des Donn\u00e9es de ce dernier vers un pays autre que le sien. Pour en savoir plus sur le lieu de traitement de ces Donn\u00e9es transf\u00e9r\u00e9es, les Utilisateurs peuvent consulter la section qui contient des d\u00e9tails sur le traitement des Donn\u00e9es personnelles.<\/p>\n<p><span style=\"text-decoration: underline;\">Temps de conservation<\/span><\/p>\n<p>Sauf indication contraire du pr\u00e9sent document, les Donn\u00e9es personnelles sont trait\u00e9es et conserv\u00e9es aussi longtemps que requis pour la finalit\u00e9 pour laquelle elles ont \u00e9t\u00e9 collect\u00e9es et peuvent \u00eatre conserv\u00e9es plus longtemps du fait d\u2019une obligation l\u00e9gale applicable ou sur la base du consentement de l\u2019Utilisateur.<\/p>\n<p><strong>Finalit\u00e9s du traitement<\/strong><\/p>\n<p>Les Donn\u00e9es relatives \u00e0 l\u2019Utilisateur sont collect\u00e9es afin de permettre au Propri\u00e9taire de fournir son Service, de remplir ses obligations, de r\u00e9pondre aux demandes d\u2019application de la loi, de prot\u00e9ger ses droits et int\u00e9r\u00eats (ou ceux de ses Utilisateurs ou de tiers), de d\u00e9tecter toute activit\u00e9 malveillante ou frauduleuse, ainsi que ce qui suit : Services de plateforme et h\u00e9bergement, Analyses et Gestion des balises.<\/p>\n<p>Pour obtenir des informations pr\u00e9cises sur les Donn\u00e9es personnelles utilis\u00e9es pour chaque finalit\u00e9, l\u2019Utilisateur peut consulter la partie \u00ab Informations d\u00e9taill\u00e9es sur le traitement des Donn\u00e9es personnelles \u00bb.<\/p>\n<p><strong>Information sur le refus de publicit\u00e9 cibl\u00e9e par centres d\u2019int\u00e9r\u00eat<\/strong><\/p>\n<p>En compl\u00e9ment de toute fonctionnalit\u00e9 de d\u00e9sinscription fournie par l\u2019un quelconque des services list\u00e9s dans le pr\u00e9sent document, les Utilisateurs peuvent en savoir plus sur les options dont ils disposent pour refuser en g\u00e9n\u00e9ral de la publicit\u00e9 cibl\u00e9e par centres d\u2019int\u00e9r\u00eat en consultant la partie d\u00e9di\u00e9e de la Politique relative aux Cookies.<\/p>\n<h2 class=\"wp-block-heading\">Cookies<\/h2>\n<p>Lorsque vous laissez un commentaire sur notre site web, vous pouvez indiquer si vous acceptez que votre nom, votre adresse e-mail et votre site web soient enregistr\u00e9s dans un cookie. Nous faisons cela pour votre commodit\u00e9 afin que vous n&rsquo;ayez pas \u00e0 saisir \u00e0 nouveau ces informations lors d&rsquo;un nouveau commentaire. Ces cookies restent valides pendant un an.<\/p>\n<p>Si vous poss\u00e9dez un compte et que vous vous connectez sur ce site, nous enregistrons un cookie temporaire pour d\u00e9terminer si votre navigateur accepte les cookies. Ce cookie ne contient pas de donn\u00e9es personnelles et est supprim\u00e9 d\u00e8s que vous fermez votre navigateur.<\/p>\n<p>D\u00e8s que vous vous connectez, nous conservons certains cookies li\u00e9s \u00e0 vos informations de connexion et aux options d&rsquo;affichage de l&rsquo;\u00e9cran. Les cookies de connexion sont valides pendant 2 jours et les cookies pour les options d&rsquo;affichage d&rsquo;\u00e9cran pendant un an. Si vous choisissez l&rsquo;option \u00ab Se souvenir de moi \u00bb, votre connexion est conserv\u00e9e pendant 2 semaines. Lorsque vous vous d\u00e9connectez de votre compte, les cookies de connexion sont supprim\u00e9s.<\/p>\n<p>Lorsque vous modifiez ou publiez un message, un cookie suppl\u00e9mentaire est enregistr\u00e9 par votre navigateur. Ce cookie ne contient pas de donn\u00e9es personnelles et ne contient que l&rsquo;ID du message que vous avez modifi\u00e9. Ce cookie expire apr\u00e8s un jour.<\/p>\n<h2 class=\"wp-block-heading\">Contenu int\u00e9gr\u00e9 d&rsquo;autres sites web<\/h2>\n<p>Les messages sur ce site peuvent inclure du contenu int\u00e9gr\u00e9 (embedded). Par exemple, des vid\u00e9os, des images, des articles, etc. Le contenu int\u00e9gr\u00e9 d&rsquo;autres sites web se comporte exactement comme si le visiteur avait visit\u00e9 ces autres sites.<\/p>\n<p>Ce site peux collecter des donn\u00e9es sur vous, utiliser des cookies, int\u00e9grer un suivi de tierces parties, et surveiller votre interaction avec ce contenu int\u00e9gr\u00e9, y compris l&rsquo;interaction avec le contenu int\u00e9gr\u00e9 si vous avez un compte et \u00eates connect\u00e9 \u00e0 ce site.<\/p>\n<h2 class=\"wp-block-heading\">Informations compl\u00e9mentaires pour les utilisateurs<\/h2>\n<h3 class=\"wp-block-heading\">Base juridique du traitement<\/h3>\n<p>Le Propri\u00e9taire peut traiter les Donn\u00e9es personnelles relatives aux Utilisateurs si l&rsquo;une des conditions suivantes s\u2019applique\u00a0:<\/p>\n<ul class=\"wp-block-list\"><\/ul>\n<ul class=\"wp-block-list\">\n<ul class=\"wp-block-list\">\n<li>les Utilisateurs ont donn\u00e9 leur consentement pour une ou plusieurs finalit\u00e9s sp\u00e9cifiques.<\/li>\n<li>la fourniture de Donn\u00e9es est n\u00e9cessaire pour l&rsquo;ex\u00e9cution d&rsquo;un accord avec l&rsquo;Utilisateur ou pour toute obligation pr\u00e9contractuelle de celui-ci ;<\/li>\n<li>le traitement est n\u00e9cessaire pour se conformer \u00e0 une obligation l\u00e9gale \u00e0 laquelle le Propri\u00e9taire est soumis ;<\/li>\n<li>le traitement est li\u00e9 \u00e0 une t\u00e2che effectu\u00e9e dans l&rsquo;int\u00e9r\u00eat public ou dans l&rsquo;exercice de l&rsquo;autorit\u00e9 publique d\u00e9volue au Propri\u00e9taire ;<\/li>\n<li>le traitement est n\u00e9cessaire aux fins des int\u00e9r\u00eats l\u00e9gitimes poursuivis par le Propri\u00e9taire ou par un tiers.<\/li>\n<\/ul>\n<\/ul>\n<p>Dans tous les cas, le Propri\u00e9taire vous aidera volontiers \u00e0 clarifier la base juridique sp\u00e9cifique qui s&rsquo;applique au traitement, et en particulier si la fourniture de Donn\u00e9es personnelles est une exigence l\u00e9gale ou contractuelle, ou une exigence n\u00e9cessaire pour conclure un contrat.<\/p>\n<h3 class=\"wp-block-heading\">Informations compl\u00e9mentaires sur la dur\u00e9e de conservation<\/h3>\n<p>Sauf indication contraire du pr\u00e9sent document, les Donn\u00e9es personnelles sont trait\u00e9es et conserv\u00e9es aussi longtemps que requis pour la finalit\u00e9 pour laquelle elles ont \u00e9t\u00e9 collect\u00e9es et peuvent \u00eatre conserv\u00e9es plus longtemps du fait d\u2019une obligation l\u00e9gale applicable ou sur la base du consentement de l\u2019Utilisateur.<\/p>\n<p>Par cons\u00e9quent :<\/p>\n<ul class=\"wp-block-list\">\n<ul class=\"wp-block-list\">\n<li>Les Donn\u00e9es personnelles collect\u00e9es \u00e0 des fins li\u00e9es \u00e0 l&rsquo;ex\u00e9cution d&rsquo;un contrat entre le Propri\u00e9taire et l&rsquo;Utilisateur doivent \u00eatre conserv\u00e9es jusqu&rsquo;\u00e0 la pleine ex\u00e9cution du contrat.<\/li>\n<li>Les Donn\u00e9es personnelles collect\u00e9es aux fins des int\u00e9r\u00eats l\u00e9gitimes du Propri\u00e9taire doivent \u00eatre conserv\u00e9es aussi longtemps que n\u00e9cessaire pour atteindre ces objectifs. Les Utilisateurs peuvent trouver des informations sp\u00e9cifiques concernant les int\u00e9r\u00eats l\u00e9gitimes poursuivis par le Propri\u00e9taire dans les sections correspondantes du pr\u00e9sent document ou en contactant le Propri\u00e9taire.<\/li>\n<\/ul>\n<\/ul>\n<p>Le Propri\u00e9taire peut \u00eatre autoris\u00e9 \u00e0 conserver des Donn\u00e9es personnelles plus longtemps chaque fois que l\u2019Utilisateur a donn\u00e9 son consentement \u00e0 un tel traitement, tant que ce consentement n\u2019est pas retir\u00e9. En outre, le Propri\u00e9taire peut \u00eatre oblig\u00e9 de conserver des Donn\u00e9es personnelles plus longtemps chaque fois que cela est requis pour satisfaire \u00e0 une obligation l\u00e9gale ou sur ordre d&rsquo;une autorit\u00e9.<\/p>\n<p>Une fois la p\u00e9riode de conservation expir\u00e9e, les Donn\u00e9es personnelles seront supprim\u00e9es. Par cons\u00e9quent, le droit d&rsquo;acc\u00e8s, le droit d&rsquo;effacement, le droit de rectification et le droit \u00e0 la portabilit\u00e9 des donn\u00e9es ne peuvent \u00eatre appliqu\u00e9s apr\u00e8s l&rsquo;expiration de la p\u00e9riode de conservation.<\/p>\n<h3 class=\"wp-block-heading\" id=\"rights_subjects\">Droits des Utilisateurs d\u00e9coulant du r\u00e8glement g\u00e9n\u00e9ral sur la protection des donn\u00e9es (RGPD)<\/h3>\n<p>Les Utilisateurs peuvent exercer certains droits concernant leurs Donn\u00e9es trait\u00e9es par le Propri\u00e9taire.<\/p>\n<p>Les Utilisateurs ont notamment le droit de faire ce qui suit, dans la mesure o\u00f9 la loi le permet :<\/p>\n<ul class=\"wp-block-list\">\n<ul class=\"wp-block-list\"><\/ul>\n<\/ul>\n<ul class=\"wp-block-list\">\n<ul class=\"wp-block-list\">\n<li><strong>Retirer leur consentement \u00e0 tout moment<\/strong>. Les Utilisateurs ont le droit de retirer leur consentement s&rsquo;ils ont d\u00e9j\u00e0 consenti leur consentement au traitement de leurs Donn\u00e9es personnelles.<\/li>\n<li><strong>S&rsquo;opposer au traitement de leurs Donn\u00e9es<\/strong>. Les Utilisateurs ont le droit de s&rsquo;opposer au traitement de leurs Donn\u00e9es si le traitement est effectu\u00e9 sur une base juridique autre que le consentement.<\/li>\n<li><strong>Acc\u00e9der \u00e0 leurs Donn\u00e9es<\/strong>. Les Utilisateurs ont le droit de savoir si les Donn\u00e9es sont trait\u00e9es par le Propri\u00e9taire, d&rsquo;obtenir des informations sur certains aspects du traitement et d&rsquo;obtenir une copie des Donn\u00e9es en cours de traitement.<\/li>\n<li><strong>V\u00e9rifier et obtenir une rectification<\/strong>. Les Utilisateurs ont le droit de v\u00e9rifier l&rsquo;exactitude de leurs Donn\u00e9es et de demander qu&rsquo;elles soient mises \u00e0 jour ou corrig\u00e9es.<\/li>\n<li><strong>Limiter le traitement de leurs Donn\u00e9es<\/strong>. Les Utilisateurs ont le droit de limiter le traitement de leurs Donn\u00e9es. Dans ce cas, le Propri\u00e9taire traitera leurs Donn\u00e9es uniquement pour les stocker.<\/li>\n<li><strong>Faire supprimer ou effacer leurs Donn\u00e9es personnelles<\/strong>. Les Utilisateurs ont le droit d&rsquo;obtenir l&rsquo;effacement de leurs Donn\u00e9es aupr\u00e8s du Propri\u00e9taire.<\/li>\n<li><strong>R\u00e9cup\u00e9rer leurs Donn\u00e9es et les faire transf\u00e9rer \u00e0 un autre responsable du traitement<\/strong>. Les Utilisateurs ont le droit de r\u00e9cup\u00e9rer leurs Donn\u00e9es dans un format structur\u00e9, couramment utilis\u00e9 et lisible par machine et, si cela est techniquement possible, de les faire transmettre \u00e0 un autre responsable du traitement sans obstacle d&rsquo;aucune sorte.<\/li>\n<li><strong>D\u00e9poser plainte<\/strong>. Les Utilisateurs ont le droit de d\u00e9poser une plainte aupr\u00e8s de leur autorit\u00e9 comp\u00e9tente en mati\u00e8re de protection des donn\u00e9es.<\/li>\n<\/ul>\n<\/ul>\n<p><span style=\"font-size: 14px;\">Les Utilisateurs ont \u00e9galement le droit de conna\u00eetre la base juridique des transferts de Donn\u00e9es vers tout pays \u00e9tranger et notamment vers toute organisation internationale r\u00e9gie par le droit international public ou cr\u00e9\u00e9e par deux pays ou plus, comme l&rsquo;ONU, ainsi que les mesures de s\u00e9curit\u00e9 prises par le Propri\u00e9taire pour sauvegarder leurs Donn\u00e9es.<\/span><\/p>\n<h4 class=\"wp-block-heading\">Informations concernant le droit d&rsquo;opposition au traitement<\/h4>\n<p><strong>Lorsque les Donn\u00e9es personnelles sont trait\u00e9es dans l&rsquo;int\u00e9r\u00eat public, dans l&rsquo;exercice d&rsquo;une autorit\u00e9 officielle d\u00e9volue au Propri\u00e9taire ou aux fins des int\u00e9r\u00eats l\u00e9gitimes poursuivis par celui-ci, les Utilisateurs peuvent s&rsquo;opposer \u00e0 ce traitement en fournissant un motif li\u00e9 \u00e0 leur situation particuli\u00e8re devant justifier cette opposition.<\/strong><\/p>\n<p><strong>Les Utilisateurs doivent cependant savoir que si leurs Donn\u00e9es personnelles sont trait\u00e9es \u00e0 des fins de marketing direct, ils peuvent s&rsquo;opposer \u00e0 ce traitement \u00e0 tout moment, gratuitement et sans aucune justification. Lorsque l\u2019Utilisateur s\u2019oppose au traitement \u00e0 des fins de prospection, les Donn\u00e9es personnelles ne seront plus trait\u00e9es \u00e0 ces fins. Pour savoir si le Propri\u00e9taire traite des Donn\u00e9es personnelles \u00e0 des fins de marketing direct, les Utilisateurs peuvent se reporter aux sections correspondantes du pr\u00e9sent document.<\/strong><\/p>\n<h4 class=\"wp-block-heading\">Comment exercer ces droits<\/h4>\n<p>Toute demande d&rsquo;exercice des droits de l&rsquo;Utilisateur peut \u00eatre adress\u00e9e au propri\u00e9taire aux coordonn\u00e9es indiqu\u00e9es dans le pr\u00e9sent document. Ces demandes peuvent \u00eatre exerc\u00e9es gratuitement et recevront une r\u00e9ponse du Propri\u00e9taire, apportant aux Utilisateurs les informations requises par la loi, le plus t\u00f4t possible et toujours dans un d\u00e9lai d&rsquo;un mois. Toute rectification ou tout effacement de Donn\u00e9es personnelles ou toute limitation du traitement seront communiqu\u00e9s par le Propri\u00e9taire \u00e0 chaque destinataire auquel les Donn\u00e9es personnelles ont \u00e9t\u00e9 communiqu\u00e9es, le cas \u00e9ch\u00e9ant, sauf si cela s\u2019av\u00e8re impossible ou implique un effort disproportionn\u00e9. \u00c0 la demande des Utilisateurs, le Propri\u00e9taire les renseignera sur ces destinataires.<\/p>\n<p>&nbsp;<\/p>\n<p>[\/et_pb_text][\/et_pb_column][\/et_pb_row][\/et_pb_section]<\/p>\n","protected":false},"excerpt":{"rendered":"<p>Politique de confidentialit\u00e9 de Javaco Javaco collecte certaines Donn\u00e9es personnelles de ses Utilisateurs. Qui sommes-nous ? Propri\u00e9taire et responsable du traitementJavaco BVAdresse du si\u00e8ge social : Herenthoutsesteenweg 17, 2560 NijlenBE0760.456.442Adresse \u00e9lectronique de contact : info@javaco.be Types de Donn\u00e9es collect\u00e9es Figurent parmi les types de Donn\u00e9es personnelles que Javaco collecte directement ou en recourant \u00e0 des [&hellip;]<\/p>\n","protected":false},"author":1,"featured_media":0,"parent":0,"menu_order":0,"comment_status":"closed","ping_status":"open","template":"","meta":{"_et_pb_use_builder":"on","_et_pb_old_content":"","_et_gb_content_width":"","footnotes":""},"class_list":["post-683","page","type-page","status-publish","hentry"],"yoast_head":"<!-- This site is optimized with the Yoast SEO plugin v27.1.1 - https:\/\/yoast.com\/product\/yoast-seo-wordpress\/ -->\n<title>Politique de confidentialit\u00e9 - JAVACO<\/title>\n<meta name=\"robots\" content=\"noindex, nofollow\" \/>\n<meta property=\"og:locale\" content=\"fr_FR\" \/>\n<meta property=\"og:type\" content=\"article\" \/>\n<meta property=\"og:title\" content=\"Politique de confidentialit\u00e9 - JAVACO\" \/>\n<meta property=\"og:description\" content=\"Politique de confidentialit\u00e9 de Javaco Javaco collecte certaines Donn\u00e9es personnelles de ses Utilisateurs. Qui sommes-nous ? Propri\u00e9taire et responsable du traitementJavaco BVAdresse du si\u00e8ge social : Herenthoutsesteenweg 17, 2560 NijlenBE0760.456.442Adresse \u00e9lectronique de contact : info@javaco.be Types de Donn\u00e9es collect\u00e9es Figurent parmi les types de Donn\u00e9es personnelles que Javaco collecte directement ou en recourant \u00e0 des [&hellip;]\" \/>\n<meta property=\"og:url\" content=\"https:\/\/javaco.be\/fr\/politique-de-confidentialite\/\" \/>\n<meta property=\"og:site_name\" content=\"JAVACO\" \/>\n<meta property=\"article:modified_time\" content=\"2024-09-04T06:45:51+00:00\" \/>\n<meta name=\"twitter:card\" content=\"summary_large_image\" \/>\n<meta name=\"twitter:label1\" content=\"Dur\u00e9e de lecture estim\u00e9e\" \/>\n\t<meta name=\"twitter:data1\" content=\"8 minutes\" \/>\n<script type=\"application\/ld+json\" class=\"yoast-schema-graph\">{\"@context\":\"https:\/\/schema.org\",\"@graph\":[{\"@type\":\"WebPage\",\"@id\":\"https:\/\/javaco.be\/fr\/politique-de-confidentialite\/\",\"url\":\"https:\/\/javaco.be\/fr\/politique-de-confidentialite\/\",\"name\":\"Politique de confidentialit\u00e9 - JAVACO\",\"isPartOf\":{\"@id\":\"https:\/\/javaco.be\/fr\/#website\"},\"datePublished\":\"2024-05-27T07:09:50+00:00\",\"dateModified\":\"2024-09-04T06:45:51+00:00\",\"breadcrumb\":{\"@id\":\"https:\/\/javaco.be\/fr\/politique-de-confidentialite\/#breadcrumb\"},\"inLanguage\":\"fr-FR\",\"potentialAction\":[{\"@type\":\"ReadAction\",\"target\":[\"https:\/\/javaco.be\/fr\/politique-de-confidentialite\/\"]}]},{\"@type\":\"BreadcrumbList\",\"@id\":\"https:\/\/javaco.be\/fr\/politique-de-confidentialite\/#breadcrumb\",\"itemListElement\":[{\"@type\":\"ListItem\",\"position\":1,\"name\":\"Home\",\"item\":\"https:\/\/javaco.be\/fr\/\"},{\"@type\":\"ListItem\",\"position\":2,\"name\":\"Politique de confidentialit\u00e9\"}]},{\"@type\":\"WebSite\",\"@id\":\"https:\/\/javaco.be\/fr\/#website\",\"url\":\"https:\/\/javaco.be\/fr\/\",\"name\":\"javaco.be\",\"description\":\"Installateur van hoogwaardige auto-accessoires.\",\"publisher\":{\"@id\":\"https:\/\/javaco.be\/fr\/#organization\"},\"potentialAction\":[{\"@type\":\"SearchAction\",\"target\":{\"@type\":\"EntryPoint\",\"urlTemplate\":\"https:\/\/javaco.be\/fr\/?s={search_term_string}\"},\"query-input\":{\"@type\":\"PropertyValueSpecification\",\"valueRequired\":true,\"valueName\":\"search_term_string\"}}],\"inLanguage\":\"fr-FR\"},{\"@type\":\"Organization\",\"@id\":\"https:\/\/javaco.be\/fr\/#organization\",\"name\":\"JAVACO\",\"url\":\"https:\/\/javaco.be\/fr\/\",\"logo\":{\"@type\":\"ImageObject\",\"inLanguage\":\"fr-FR\",\"@id\":\"https:\/\/javaco.be\/fr\/#\/schema\/logo\/image\/\",\"url\":\"https:\/\/javaco.be\/wp-content\/uploads\/2024\/05\/Logo-Javaco-ZWARTE-ACHTERGROND-1.webp\",\"contentUrl\":\"https:\/\/javaco.be\/wp-content\/uploads\/2024\/05\/Logo-Javaco-ZWARTE-ACHTERGROND-1.webp\",\"width\":1197,\"height\":493,\"caption\":\"JAVACO\"},\"image\":{\"@id\":\"https:\/\/javaco.be\/fr\/#\/schema\/logo\/image\/\"}}]}<\/script>\n<!-- \/ Yoast SEO plugin. -->","yoast_head_json":{"title":"Politique de confidentialit\u00e9 - JAVACO","robots":{"index":"noindex","follow":"nofollow"},"og_locale":"fr_FR","og_type":"article","og_title":"Politique de confidentialit\u00e9 - JAVACO","og_description":"Politique de confidentialit\u00e9 de Javaco Javaco collecte certaines Donn\u00e9es personnelles de ses Utilisateurs. Qui sommes-nous ? Propri\u00e9taire et responsable du traitementJavaco BVAdresse du si\u00e8ge social : Herenthoutsesteenweg 17, 2560 NijlenBE0760.456.442Adresse \u00e9lectronique de contact : info@javaco.be Types de Donn\u00e9es collect\u00e9es Figurent parmi les types de Donn\u00e9es personnelles que Javaco collecte directement ou en recourant \u00e0 des [&hellip;]","og_url":"https:\/\/javaco.be\/fr\/politique-de-confidentialite\/","og_site_name":"JAVACO","article_modified_time":"2024-09-04T06:45:51+00:00","twitter_card":"summary_large_image","twitter_misc":{"Dur\u00e9e de lecture estim\u00e9e":"8 minutes"},"schema":{"@context":"https:\/\/schema.org","@graph":[{"@type":"WebPage","@id":"https:\/\/javaco.be\/fr\/politique-de-confidentialite\/","url":"https:\/\/javaco.be\/fr\/politique-de-confidentialite\/","name":"Politique de confidentialit\u00e9 - JAVACO","isPartOf":{"@id":"https:\/\/javaco.be\/fr\/#website"},"datePublished":"2024-05-27T07:09:50+00:00","dateModified":"2024-09-04T06:45:51+00:00","breadcrumb":{"@id":"https:\/\/javaco.be\/fr\/politique-de-confidentialite\/#breadcrumb"},"inLanguage":"fr-FR","potentialAction":[{"@type":"ReadAction","target":["https:\/\/javaco.be\/fr\/politique-de-confidentialite\/"]}]},{"@type":"BreadcrumbList","@id":"https:\/\/javaco.be\/fr\/politique-de-confidentialite\/#breadcrumb","itemListElement":[{"@type":"ListItem","position":1,"name":"Home","item":"https:\/\/javaco.be\/fr\/"},{"@type":"ListItem","position":2,"name":"Politique de confidentialit\u00e9"}]},{"@type":"WebSite","@id":"https:\/\/javaco.be\/fr\/#website","url":"https:\/\/javaco.be\/fr\/","name":"javaco.be","description":"Installateur van hoogwaardige auto-accessoires.","publisher":{"@id":"https:\/\/javaco.be\/fr\/#organization"},"potentialAction":[{"@type":"SearchAction","target":{"@type":"EntryPoint","urlTemplate":"https:\/\/javaco.be\/fr\/?s={search_term_string}"},"query-input":{"@type":"PropertyValueSpecification","valueRequired":true,"valueName":"search_term_string"}}],"inLanguage":"fr-FR"},{"@type":"Organization","@id":"https:\/\/javaco.be\/fr\/#organization","name":"JAVACO","url":"https:\/\/javaco.be\/fr\/","logo":{"@type":"ImageObject","inLanguage":"fr-FR","@id":"https:\/\/javaco.be\/fr\/#\/schema\/logo\/image\/","url":"https:\/\/javaco.be\/wp-content\/uploads\/2024\/05\/Logo-Javaco-ZWARTE-ACHTERGROND-1.webp","contentUrl":"https:\/\/javaco.be\/wp-content\/uploads\/2024\/05\/Logo-Javaco-ZWARTE-ACHTERGROND-1.webp","width":1197,"height":493,"caption":"JAVACO"},"image":{"@id":"https:\/\/javaco.be\/fr\/#\/schema\/logo\/image\/"}}]}},"_links":{"self":[{"href":"https:\/\/javaco.be\/fr\/wp-json\/wp\/v2\/pages\/683","targetHints":{"allow":["GET"]}}],"collection":[{"href":"https:\/\/javaco.be\/fr\/wp-json\/wp\/v2\/pages"}],"about":[{"href":"https:\/\/javaco.be\/fr\/wp-json\/wp\/v2\/types\/page"}],"author":[{"embeddable":true,"href":"https:\/\/javaco.be\/fr\/wp-json\/wp\/v2\/users\/1"}],"replies":[{"embeddable":true,"href":"https:\/\/javaco.be\/fr\/wp-json\/wp\/v2\/comments?post=683"}],"version-history":[{"count":10,"href":"https:\/\/javaco.be\/fr\/wp-json\/wp\/v2\/pages\/683\/revisions"}],"predecessor-version":[{"id":709,"href":"https:\/\/javaco.be\/fr\/wp-json\/wp\/v2\/pages\/683\/revisions\/709"}],"wp:attachment":[{"href":"https:\/\/javaco.be\/fr\/wp-json\/wp\/v2\/media?parent=683"}],"curies":[{"name":"wp","href":"https:\/\/api.w.org\/{rel}","templated":true}]}}